{"id":285,"date":"2025-07-03T13:38:23","date_gmt":"2025-07-03T13:38:23","guid":{"rendered":"https:\/\/www.41answers.de\/?page_id=285"},"modified":"2025-07-10T19:21:00","modified_gmt":"2025-07-10T19:21:00","slug":"projektmanagement","status":"publish","type":"page","link":"https:\/\/www.41answers.de\/en\/projektmanagement\/","title":{"rendered":"Projektmanagement"},"content":{"rendered":"<figure class=\"wp-block-image size-large\"><img loading=\"lazy\" decoding=\"async\" width=\"1024\" height=\"487\" src=\"https:\/\/www.41answers.de\/wp-content\/uploads\/2025\/07\/Bildschirmfoto-2023-08-24-um-21.53.16-1024x487.png\" alt=\"\" class=\"wp-image-288\" srcset=\"https:\/\/www.41answers.de\/wp-content\/uploads\/2025\/07\/Bildschirmfoto-2023-08-24-um-21.53.16-1024x487.png 1024w, https:\/\/www.41answers.de\/wp-content\/uploads\/2025\/07\/Bildschirmfoto-2023-08-24-um-21.53.16-300x143.png 300w, https:\/\/www.41answers.de\/wp-content\/uploads\/2025\/07\/Bildschirmfoto-2023-08-24-um-21.53.16-768x365.png 768w, https:\/\/www.41answers.de\/wp-content\/uploads\/2025\/07\/Bildschirmfoto-2023-08-24-um-21.53.16-18x9.png 18w, https:\/\/www.41answers.de\/wp-content\/uploads\/2025\/07\/Bildschirmfoto-2023-08-24-um-21.53.16.png 1156w\" sizes=\"auto, (max-width: 1024px) 100vw, 1024px\" \/><\/figure>\n\n\n\n<figure class=\"wp-block-image size-full is-resized\"><img loading=\"lazy\" decoding=\"async\" width=\"1676\" height=\"556\" src=\"https:\/\/www.41answers.de\/wp-content\/uploads\/2025\/07\/Bildschirmfoto-2025-07-03-um-13.33.41-1.png\" alt=\"\" class=\"wp-image-300\" style=\"width:800px\" srcset=\"https:\/\/www.41answers.de\/wp-content\/uploads\/2025\/07\/Bildschirmfoto-2025-07-03-um-13.33.41-1.png 1676w, https:\/\/www.41answers.de\/wp-content\/uploads\/2025\/07\/Bildschirmfoto-2025-07-03-um-13.33.41-1-300x100.png 300w, https:\/\/www.41answers.de\/wp-content\/uploads\/2025\/07\/Bildschirmfoto-2025-07-03-um-13.33.41-1-1024x340.png 1024w\" sizes=\"auto, (max-width: 1676px) 100vw, 1676px\" \/><\/figure>\n\n\n\n<div class=\"wp-block-columns is-layout-flex wp-container-core-columns-is-layout-9d6595d7 wp-block-columns-is-layout-flex\">\n<div class=\"wp-block-column is-layout-flow wp-block-column-is-layout-flow\" style=\"flex-basis:33.33%\">\n<blockquote class=\"wp-block-quote is-layout-flow wp-block-quote-is-layout-flow\">\n<p>Professionelles Projektmanagement schafft Transparenz, reduziert Risiken und sichert die Einbindung Ihrer Stakeholder.<\/p>\n<\/blockquote>\n<\/div>\n\n\n\n<div class=\"wp-block-column is-layout-flow wp-block-column-is-layout-flow\" style=\"flex-basis:66.66%\">\n<p><strong>Warum 41answers?<\/strong><\/p>\n\n\n\n<p>Ob f\u00fcr den \u00dcbergang, als rechte Hand f\u00fcr Ihr internes Projektmanagement oder in einer langfristigen Projektverantwortung:<\/p>\n\n\n\n<p>Wir \u00fcbernehmen die erforderliche Rolle in Ihrem Projekt.<\/p>\n\n\n\n<p>Zertifiziert in Projektmanagement nach PMI, IPMA\/GPM, SCRUM und PRINCE2 finden wir die richtigen Methoden f\u00fcr jede Projektphase.<\/p>\n\n\n\n<p>Wir unterst\u00fctzen eine pragmatische Nutzung des Spektrums vom klassischen Wasserfall bis zu Scaled Agile. Wir finden die passende Projektmethodik, die zu Ihrer Organisation und Ihrer Projektsituation passt.<\/p>\n<\/div>\n<\/div>\n\n\n\n<p><\/p>","protected":false},"excerpt":{"rendered":"<p>Professionelles Projektmanagement schafft Transparenz, reduziert Risiken und sichert die Einbindung Ihrer Stakeholder. Warum 41answers? Ob f\u00fcr den \u00dcbergang, als rechte Hand f\u00fcr Ihr internes Projektmanagement oder in einer langfristigen Projektverantwortung: Wir \u00fcbernehmen die erforderliche Rolle in Ihrem Projekt. Zertifiziert in [&hellip;]<\/p>\n","protected":false},"author":1,"featured_media":0,"parent":0,"menu_order":0,"comment_status":"closed","ping_status":"closed","template":"","meta":{"footnotes":""},"class_list":["post-285","page","type-page","status-publish","hentry"],"_links":{"self":[{"href":"https:\/\/www.41answers.de\/en\/wp-json\/wp\/v2\/pages\/285","targetHints":{"allow":["GET"]}}],"collection":[{"href":"https:\/\/www.41answers.de\/en\/wp-json\/wp\/v2\/pages"}],"about":[{"href":"https:\/\/www.41answers.de\/en\/wp-json\/wp\/v2\/types\/page"}],"author":[{"embeddable":true,"href":"https:\/\/www.41answers.de\/en\/wp-json\/wp\/v2\/users\/1"}],"replies":[{"embeddable":true,"href":"https:\/\/www.41answers.de\/en\/wp-json\/wp\/v2\/comments?post=285"}],"version-history":[{"count":7,"href":"https:\/\/www.41answers.de\/en\/wp-json\/wp\/v2\/pages\/285\/revisions"}],"predecessor-version":[{"id":362,"href":"https:\/\/www.41answers.de\/en\/wp-json\/wp\/v2\/pages\/285\/revisions\/362"}],"wp:attachment":[{"href":"https:\/\/www.41answers.de\/en\/wp-json\/wp\/v2\/media?parent=285"}],"curies":[{"name":"wp","href":"https:\/\/api.w.org\/{rel}","templated":true}]}}