{"id":333,"date":"2025-07-03T14:30:22","date_gmt":"2025-07-03T14:30:22","guid":{"rendered":"https:\/\/www.41answers.de\/?page_id=333"},"modified":"2025-07-03T14:30:22","modified_gmt":"2025-07-03T14:30:22","slug":"rollout-und-cutover","status":"publish","type":"page","link":"https:\/\/www.41answers.de\/en\/rollout-und-cutover\/","title":{"rendered":"Rollout und Cutover"},"content":{"rendered":"<figure class=\"wp-block-image size-large\"><img loading=\"lazy\" decoding=\"async\" width=\"1024\" height=\"451\" src=\"https:\/\/www.41answers.de\/wp-content\/uploads\/2024\/10\/Bildschirmfoto-2024-10-28-um-17.59.11-1024x451.png\" alt=\"\" class=\"wp-image-280\" srcset=\"https:\/\/www.41answers.de\/wp-content\/uploads\/2024\/10\/Bildschirmfoto-2024-10-28-um-17.59.11-1024x451.png 1024w, https:\/\/www.41answers.de\/wp-content\/uploads\/2024\/10\/Bildschirmfoto-2024-10-28-um-17.59.11-300x132.png 300w, https:\/\/www.41answers.de\/wp-content\/uploads\/2024\/10\/Bildschirmfoto-2024-10-28-um-17.59.11-768x338.png 768w, https:\/\/www.41answers.de\/wp-content\/uploads\/2024\/10\/Bildschirmfoto-2024-10-28-um-17.59.11-1536x676.png 1536w, https:\/\/www.41answers.de\/wp-content\/uploads\/2024\/10\/Bildschirmfoto-2024-10-28-um-17.59.11-18x8.png 18w, https:\/\/www.41answers.de\/wp-content\/uploads\/2024\/10\/Bildschirmfoto-2024-10-28-um-17.59.11.png 1682w\" sizes=\"auto, (max-width: 1024px) 100vw, 1024px\" \/><\/figure>\n\n\n\n<figure class=\"wp-block-image size-full\"><img loading=\"lazy\" decoding=\"async\" width=\"1538\" height=\"514\" src=\"https:\/\/www.41answers.de\/wp-content\/uploads\/2025\/07\/Bildschirmfoto-2025-07-03-um-16.27.54.png\" alt=\"\" class=\"wp-image-334\" srcset=\"https:\/\/www.41answers.de\/wp-content\/uploads\/2025\/07\/Bildschirmfoto-2025-07-03-um-16.27.54.png 1538w, https:\/\/www.41answers.de\/wp-content\/uploads\/2025\/07\/Bildschirmfoto-2025-07-03-um-16.27.54-300x100.png 300w, https:\/\/www.41answers.de\/wp-content\/uploads\/2025\/07\/Bildschirmfoto-2025-07-03-um-16.27.54-1024x342.png 1024w, https:\/\/www.41answers.de\/wp-content\/uploads\/2025\/07\/Bildschirmfoto-2025-07-03-um-16.27.54-768x257.png 768w, https:\/\/www.41answers.de\/wp-content\/uploads\/2025\/07\/Bildschirmfoto-2025-07-03-um-16.27.54-1536x513.png 1536w, https:\/\/www.41answers.de\/wp-content\/uploads\/2025\/07\/Bildschirmfoto-2025-07-03-um-16.27.54-18x6.png 18w\" sizes=\"auto, (max-width: 1538px) 100vw, 1538px\" \/><\/figure>\n\n\n\n<div class=\"wp-block-columns is-layout-flex wp-container-core-columns-is-layout-9d6595d7 wp-block-columns-is-layout-flex\">\n<div class=\"wp-block-column is-layout-flow wp-block-column-is-layout-flow\" style=\"flex-basis:33.33%\">\n<blockquote class=\"wp-block-quote is-layout-flow wp-block-quote-is-layout-flow\">\n<p>Rollout und Cutover bringen Ihre L\u00f6sung an den Start. Reduzieren Sie die Risiken auf den letzten Metern.\u00a0<\/p>\n<\/blockquote>\n<\/div>\n\n\n\n<div class=\"wp-block-column is-layout-flow wp-block-column-is-layout-flow\" style=\"flex-basis:66.66%\">\n<p><strong>Warum 41answers ?<\/strong><\/p>\n\n\n\n<p>Die Planung, Steuerung und \u00dcberwachung komplexer Inbetriebnahmen im nationalen und internationalen Umfeld kennen wir gut. Wir kennen die typischen Probleme, sowohl in der zentralen Steuerung als auch vor Ort beim Anwender, und bieten Ihnen L\u00f6sungen f\u00fcr einen risikoarmen \u00dcbergang. Die Synchronisation aller Aktivit\u00e4ten &#8211; von der Schulung bis zur Hypercare-Betreuung &#8211; stellen wir durch auf Ihr Projekt angepasste Rollout-Prozesse sicher.\u00a0<\/p>\n<\/div>\n<\/div>","protected":false},"excerpt":{"rendered":"<p>Rollout und Cutover bringen Ihre L\u00f6sung an den Start. Reduzieren Sie die Risiken auf den letzten Metern.\u00a0 Warum 41answers ? Die Planung, Steuerung und \u00dcberwachung komplexer Inbetriebnahmen im nationalen und internationalen Umfeld kennen wir gut. Wir kennen die typischen Probleme, [&hellip;]<\/p>\n","protected":false},"author":1,"featured_media":0,"parent":0,"menu_order":0,"comment_status":"closed","ping_status":"closed","template":"","meta":{"footnotes":""},"class_list":["post-333","page","type-page","status-publish","hentry"],"_links":{"self":[{"href":"https:\/\/www.41answers.de\/en\/wp-json\/wp\/v2\/pages\/333","targetHints":{"allow":["GET"]}}],"collection":[{"href":"https:\/\/www.41answers.de\/en\/wp-json\/wp\/v2\/pages"}],"about":[{"href":"https:\/\/www.41answers.de\/en\/wp-json\/wp\/v2\/types\/page"}],"author":[{"embeddable":true,"href":"https:\/\/www.41answers.de\/en\/wp-json\/wp\/v2\/users\/1"}],"replies":[{"embeddable":true,"href":"https:\/\/www.41answers.de\/en\/wp-json\/wp\/v2\/comments?post=333"}],"version-history":[{"count":1,"href":"https:\/\/www.41answers.de\/en\/wp-json\/wp\/v2\/pages\/333\/revisions"}],"predecessor-version":[{"id":335,"href":"https:\/\/www.41answers.de\/en\/wp-json\/wp\/v2\/pages\/333\/revisions\/335"}],"wp:attachment":[{"href":"https:\/\/www.41answers.de\/en\/wp-json\/wp\/v2\/media?parent=333"}],"curies":[{"name":"wp","href":"https:\/\/api.w.org\/{rel}","templated":true}]}}