{"id":337,"date":"2025-07-03T14:38:17","date_gmt":"2025-07-03T14:38:17","guid":{"rendered":"https:\/\/www.41answers.de\/?page_id=337"},"modified":"2025-07-03T14:38:17","modified_gmt":"2025-07-03T14:38:17","slug":"risikomanagement-und-wissensmanagement","status":"publish","type":"page","link":"https:\/\/www.41answers.de\/en\/risikomanagement-und-wissensmanagement\/","title":{"rendered":"Risikomanagement und Wissensmanagement"},"content":{"rendered":"<figure class=\"wp-block-image size-large\"><img loading=\"lazy\" decoding=\"async\" width=\"1024\" height=\"448\" src=\"https:\/\/www.41answers.de\/wp-content\/uploads\/2023\/09\/Risiko_Foto-1024x448.png\" alt=\"\" class=\"wp-image-249\" srcset=\"https:\/\/www.41answers.de\/wp-content\/uploads\/2023\/09\/Risiko_Foto-1024x448.png 1024w, https:\/\/www.41answers.de\/wp-content\/uploads\/2023\/09\/Risiko_Foto-300x131.png 300w, https:\/\/www.41answers.de\/wp-content\/uploads\/2023\/09\/Risiko_Foto-768x336.png 768w, https:\/\/www.41answers.de\/wp-content\/uploads\/2023\/09\/Risiko_Foto-18x8.png 18w, https:\/\/www.41answers.de\/wp-content\/uploads\/2023\/09\/Risiko_Foto.png 1256w\" sizes=\"auto, (max-width: 1024px) 100vw, 1024px\" \/><\/figure>\n\n\n\n<figure class=\"wp-block-image size-full\"><img loading=\"lazy\" decoding=\"async\" width=\"1518\" height=\"484\" src=\"https:\/\/www.41answers.de\/wp-content\/uploads\/2025\/07\/Bildschirmfoto-2025-07-03-um-16.35.08.png\" alt=\"\" class=\"wp-image-338\" srcset=\"https:\/\/www.41answers.de\/wp-content\/uploads\/2025\/07\/Bildschirmfoto-2025-07-03-um-16.35.08.png 1518w, https:\/\/www.41answers.de\/wp-content\/uploads\/2025\/07\/Bildschirmfoto-2025-07-03-um-16.35.08-300x96.png 300w, https:\/\/www.41answers.de\/wp-content\/uploads\/2025\/07\/Bildschirmfoto-2025-07-03-um-16.35.08-1024x326.png 1024w, https:\/\/www.41answers.de\/wp-content\/uploads\/2025\/07\/Bildschirmfoto-2025-07-03-um-16.35.08-768x245.png 768w, https:\/\/www.41answers.de\/wp-content\/uploads\/2025\/07\/Bildschirmfoto-2025-07-03-um-16.35.08-18x6.png 18w\" sizes=\"auto, (max-width: 1518px) 100vw, 1518px\" \/><\/figure>\n\n\n\n<div class=\"wp-block-columns is-layout-flex wp-container-core-columns-is-layout-9d6595d7 wp-block-columns-is-layout-flex\">\n<div class=\"wp-block-column is-layout-flow wp-block-column-is-layout-flow\" style=\"flex-basis:33.33%\">\n<blockquote class=\"wp-block-quote is-layout-flow wp-block-quote-is-layout-flow\">\n<p>Angst ist ein schlechter Ratgeber. Mit dem Management von Risiken und Wissen schaffen Sie Sicherheit und Vertrauen bei Ihren Stakeholdern.&nbsp;<\/p>\n<\/blockquote>\n<\/div>\n\n\n\n<div class=\"wp-block-column is-layout-flow wp-block-column-is-layout-flow\" style=\"flex-basis:66.66%\">\n<p><strong>Warum 41answers?<\/strong><\/p>\n\n\n\n<p>Unsere Integration von Risikomanagement und Wissensmanagement stellt den Faktor Mensch in den Vordergrund.<\/p>\n\n\n\n<p>Unser Angebot f\u00fcr ein zuverl\u00e4ssiges Management von Risiken und eine offene Risikokommunikation als fester Bestandteil Ihres Projekts erh\u00f6hen Ihre Erfolgschancen.<\/p>\n\n\n\n<p>Wir helfen Ihnen bei der Sicherung und Nutzung Ihrer Projekterfahrung &#8211; f\u00fcr langfristig bessere und sicherere Projekte.<\/p>\n<\/div>\n<\/div>\n\n\n\n<p><\/p>","protected":false},"excerpt":{"rendered":"<p>Angst ist ein schlechter Ratgeber. Mit dem Management von Risiken und Wissen schaffen Sie Sicherheit und Vertrauen bei Ihren Stakeholdern.&nbsp; Warum 41answers? Unsere Integration von Risikomanagement und Wissensmanagement stellt den Faktor Mensch in den Vordergrund. Unser Angebot f\u00fcr ein zuverl\u00e4ssiges [&hellip;]<\/p>\n","protected":false},"author":1,"featured_media":0,"parent":0,"menu_order":0,"comment_status":"closed","ping_status":"closed","template":"","meta":{"footnotes":""},"class_list":["post-337","page","type-page","status-publish","hentry"],"_links":{"self":[{"href":"https:\/\/www.41answers.de\/en\/wp-json\/wp\/v2\/pages\/337","targetHints":{"allow":["GET"]}}],"collection":[{"href":"https:\/\/www.41answers.de\/en\/wp-json\/wp\/v2\/pages"}],"about":[{"href":"https:\/\/www.41answers.de\/en\/wp-json\/wp\/v2\/types\/page"}],"author":[{"embeddable":true,"href":"https:\/\/www.41answers.de\/en\/wp-json\/wp\/v2\/users\/1"}],"replies":[{"embeddable":true,"href":"https:\/\/www.41answers.de\/en\/wp-json\/wp\/v2\/comments?post=337"}],"version-history":[{"count":3,"href":"https:\/\/www.41answers.de\/en\/wp-json\/wp\/v2\/pages\/337\/revisions"}],"predecessor-version":[{"id":341,"href":"https:\/\/www.41answers.de\/en\/wp-json\/wp\/v2\/pages\/337\/revisions\/341"}],"wp:attachment":[{"href":"https:\/\/www.41answers.de\/en\/wp-json\/wp\/v2\/media?parent=337"}],"curies":[{"name":"wp","href":"https:\/\/api.w.org\/{rel}","templated":true}]}}