{"id":34,"date":"2023-08-30T19:44:08","date_gmt":"2023-08-30T19:44:08","guid":{"rendered":"https:\/\/www.41answers.de\/?page_id=34"},"modified":"2025-10-07T13:02:45","modified_gmt":"2025-10-07T13:02:45","slug":"ueber-uns","status":"publish","type":"page","link":"https:\/\/www.41answers.de\/en\/ueber-uns\/","title":{"rendered":"About us"},"content":{"rendered":"<p style=\"font-size:26px\">Projects are changing your way of working. <br>But they also change the way your team and your customers look at your company.&nbsp;<\/p>\n\n\n\n<p style=\"font-size:26px\">For us, projects combine IT, business processes and culture. Though new technology might be the dominant aspect quite often: a successful project requires the interaction of all components and a dedicated management of change. <br><br>Long-term transformation programme or minor optimization: almost always technology, business procedures, and people need to be considered equally.<\/p>\n\n\n\n<p style=\"font-size:26px\">Unsere Erfahrung im IT-Projektmanagement, im Management von Ver\u00e4nderungsprozessen, im Test und Rollout unternehmenskritischer Anwendungen hilft Ihnen, alle Aspekte Ihres Projekts im Griff zu behalten.&nbsp;<\/p>\n\n\n\n<p style=\"font-size:26px\">How can we help you?<\/p>\n\n\n\n<div class=\"wp-block-columns is-layout-flex wp-container-core-columns-is-layout-9d6595d7 wp-block-columns-is-layout-flex\">\n<div class=\"wp-block-column is-layout-flow wp-block-column-is-layout-flow\">\n<div class=\"wp-block-columns is-layout-flex wp-container-core-columns-is-layout-9d6595d7 wp-block-columns-is-layout-flex\">\n<div class=\"wp-block-column is-layout-flow wp-block-column-is-layout-flow\">\n<figure class=\"wp-block-image size-large\"><img loading=\"lazy\" decoding=\"async\" width=\"205\" height=\"205\" src=\"https:\/\/www.41answers.de\/wp-content\/uploads\/2025\/10\/certified_senior_project_manager-ipma-level-b.24-2.png\" alt=\"\" class=\"wp-image-384\" srcset=\"https:\/\/www.41answers.de\/wp-content\/uploads\/2025\/10\/certified_senior_project_manager-ipma-level-b.24-2.png 205w, https:\/\/www.41answers.de\/wp-content\/uploads\/2025\/10\/certified_senior_project_manager-ipma-level-b.24-2-150x150.png 150w, https:\/\/www.41answers.de\/wp-content\/uploads\/2025\/10\/certified_senior_project_manager-ipma-level-b.24-2-12x12.png 12w\" sizes=\"auto, (max-width: 205px) 100vw, 205px\" \/><\/figure>\n<\/div>\n\n\n\n<div class=\"wp-block-column is-layout-flow wp-block-column-is-layout-flow\">\n<figure class=\"wp-block-image size-full\"><img loading=\"lazy\" decoding=\"async\" width=\"204\" height=\"204\" src=\"https:\/\/www.41answers.de\/wp-content\/uploads\/2025\/10\/project-management-professional-pmp-2.png\" alt=\"\" class=\"wp-image-387\" srcset=\"https:\/\/www.41answers.de\/wp-content\/uploads\/2025\/10\/project-management-professional-pmp-2.png 204w, https:\/\/www.41answers.de\/wp-content\/uploads\/2025\/10\/project-management-professional-pmp-2-150x150.png 150w, https:\/\/www.41answers.de\/wp-content\/uploads\/2025\/10\/project-management-professional-pmp-2-12x12.png 12w\" sizes=\"auto, (max-width: 204px) 100vw, 204px\" \/><\/figure>\n<\/div>\n\n\n\n<div class=\"wp-block-column is-layout-flow wp-block-column-is-layout-flow\">\n<figure class=\"wp-block-image size-full\"><img loading=\"lazy\" decoding=\"async\" width=\"204\" height=\"204\" src=\"https:\/\/www.41answers.de\/wp-content\/uploads\/2025\/10\/pmi-agile-certified-practitioner-pmi-acp-2.png\" alt=\"\" class=\"wp-image-389\" srcset=\"https:\/\/www.41answers.de\/wp-content\/uploads\/2025\/10\/pmi-agile-certified-practitioner-pmi-acp-2.png 204w, https:\/\/www.41answers.de\/wp-content\/uploads\/2025\/10\/pmi-agile-certified-practitioner-pmi-acp-2-150x150.png 150w, https:\/\/www.41answers.de\/wp-content\/uploads\/2025\/10\/pmi-agile-certified-practitioner-pmi-acp-2-12x12.png 12w\" sizes=\"auto, (max-width: 204px) 100vw, 204px\" \/><\/figure>\n<\/div>\n\n\n\n<div class=\"wp-block-column is-layout-flow wp-block-column-is-layout-flow\">\n<figure class=\"wp-block-gallery has-nested-images columns-default is-cropped wp-block-gallery-1 is-layout-flex wp-block-gallery-is-layout-flex\">\n<figure class=\"wp-block-image size-large\"><img loading=\"lazy\" decoding=\"async\" width=\"203\" height=\"203\" data-id=\"390\" src=\"https:\/\/www.41answers.de\/wp-content\/uploads\/2025\/10\/cognitive-project-management-in-ai-cpmai-v7-certifi-2.png\" alt=\"\" class=\"wp-image-390\" srcset=\"https:\/\/www.41answers.de\/wp-content\/uploads\/2025\/10\/cognitive-project-management-in-ai-cpmai-v7-certifi-2.png 203w, https:\/\/www.41answers.de\/wp-content\/uploads\/2025\/10\/cognitive-project-management-in-ai-cpmai-v7-certifi-2-150x150.png 150w, https:\/\/www.41answers.de\/wp-content\/uploads\/2025\/10\/cognitive-project-management-in-ai-cpmai-v7-certifi-2-12x12.png 12w\" sizes=\"auto, (max-width: 203px) 100vw, 203px\" \/><\/figure>\n<\/figure>\n<\/div>\n<\/div>\n\n\n\n<div class=\"wp-block-columns is-layout-flex wp-container-core-columns-is-layout-9d6595d7 wp-block-columns-is-layout-flex\">\n<div class=\"wp-block-column is-layout-flow wp-block-column-is-layout-flow\"><\/div>\n\n\n\n<div class=\"wp-block-column is-layout-flow wp-block-column-is-layout-flow\"><\/div>\n\n\n\n<div class=\"wp-block-column is-layout-flow wp-block-column-is-layout-flow\"><\/div>\n<\/div>\n<\/div>\n<\/div>\n\n\n\n<div class=\"wp-block-columns is-layout-flex wp-container-core-columns-is-layout-9d6595d7 wp-block-columns-is-layout-flex\">\n<div class=\"wp-block-column is-layout-flow wp-block-column-is-layout-flow\">\n<figure class=\"wp-block-image size-full is-resized\"><img loading=\"lazy\" decoding=\"async\" width=\"205\" height=\"205\" src=\"https:\/\/www.41answers.de\/wp-content\/uploads\/2025\/10\/ibm-it-scrum-master-professional-certificate-2.png\" alt=\"\" class=\"wp-image-395\" style=\"width:204px;height:auto\" srcset=\"https:\/\/www.41answers.de\/wp-content\/uploads\/2025\/10\/ibm-it-scrum-master-professional-certificate-2.png 205w, https:\/\/www.41answers.de\/wp-content\/uploads\/2025\/10\/ibm-it-scrum-master-professional-certificate-2-150x150.png 150w, https:\/\/www.41answers.de\/wp-content\/uploads\/2025\/10\/ibm-it-scrum-master-professional-certificate-2-12x12.png 12w\" sizes=\"auto, (max-width: 205px) 100vw, 205px\" \/><\/figure>\n<\/div>\n\n\n\n<div class=\"wp-block-column is-layout-flow wp-block-column-is-layout-flow\">\n<figure class=\"wp-block-image size-full\"><img loading=\"lazy\" decoding=\"async\" width=\"204\" height=\"204\" src=\"https:\/\/www.41answers.de\/wp-content\/uploads\/2025\/10\/ibm-program-manager-professional-certificate-1.png\" alt=\"\" class=\"wp-image-396\" srcset=\"https:\/\/www.41answers.de\/wp-content\/uploads\/2025\/10\/ibm-program-manager-professional-certificate-1.png 204w, https:\/\/www.41answers.de\/wp-content\/uploads\/2025\/10\/ibm-program-manager-professional-certificate-1-150x150.png 150w, https:\/\/www.41answers.de\/wp-content\/uploads\/2025\/10\/ibm-program-manager-professional-certificate-1-12x12.png 12w\" sizes=\"auto, (max-width: 204px) 100vw, 204px\" \/><\/figure>\n<\/div>\n\n\n\n<div class=\"wp-block-column is-layout-flow wp-block-column-is-layout-flow\">\n<figure class=\"wp-block-image size-full\"><img loading=\"lazy\" decoding=\"async\" width=\"204\" height=\"204\" src=\"https:\/\/www.41answers.de\/wp-content\/uploads\/2025\/10\/IBM-Product-Manager.jpg\" alt=\"\" class=\"wp-image-399\" srcset=\"https:\/\/www.41answers.de\/wp-content\/uploads\/2025\/10\/IBM-Product-Manager.jpg 204w, https:\/\/www.41answers.de\/wp-content\/uploads\/2025\/10\/IBM-Product-Manager-150x150.jpg 150w, https:\/\/www.41answers.de\/wp-content\/uploads\/2025\/10\/IBM-Product-Manager-12x12.jpg 12w\" sizes=\"auto, (max-width: 204px) 100vw, 204px\" \/><\/figure>\n<\/div>\n<\/div>\n\n\n\n<p><\/p>","protected":false},"excerpt":{"rendered":"<p>Projekte ver\u00e4ndern Ihre Arbeitsweise. Sie ver\u00e4ndern aber auch die Art, wie Ihre Mitarbeiter und Kunden Ihr Unternehmen wahrnehmen.&nbsp; Projekte sind f\u00fcr uns eine Kombination von IT, Gesch\u00e4ftsprozessen und Kultur. Auch wenn die neue Technologie oft im Vordergrund steht: das Zusammenwirken [&hellip;]<\/p>\n","protected":false},"author":1,"featured_media":216,"parent":0,"menu_order":0,"comment_status":"closed","ping_status":"closed","template":"","meta":{"footnotes":""},"class_list":["post-34","page","type-page","status-publish","has-post-thumbnail","hentry"],"_links":{"self":[{"href":"https:\/\/www.41answers.de\/en\/wp-json\/wp\/v2\/pages\/34","targetHints":{"allow":["GET"]}}],"collection":[{"href":"https:\/\/www.41answers.de\/en\/wp-json\/wp\/v2\/pages"}],"about":[{"href":"https:\/\/www.41answers.de\/en\/wp-json\/wp\/v2\/types\/page"}],"author":[{"embeddable":true,"href":"https:\/\/www.41answers.de\/en\/wp-json\/wp\/v2\/users\/1"}],"replies":[{"embeddable":true,"href":"https:\/\/www.41answers.de\/en\/wp-json\/wp\/v2\/comments?post=34"}],"version-history":[{"count":22,"href":"https:\/\/www.41answers.de\/en\/wp-json\/wp\/v2\/pages\/34\/revisions"}],"predecessor-version":[{"id":401,"href":"https:\/\/www.41answers.de\/en\/wp-json\/wp\/v2\/pages\/34\/revisions\/401"}],"wp:featuredmedia":[{"embeddable":true,"href":"https:\/\/www.41answers.de\/en\/wp-json\/wp\/v2\/media\/216"}],"wp:attachment":[{"href":"https:\/\/www.41answers.de\/en\/wp-json\/wp\/v2\/media?parent=34"}],"curies":[{"name":"wp","href":"https:\/\/api.w.org\/{rel}","templated":true}]}}