{"id":343,"date":"2025-07-03T14:44:35","date_gmt":"2025-07-03T14:44:35","guid":{"rendered":"https:\/\/www.41answers.de\/?page_id=343"},"modified":"2025-07-03T14:44:35","modified_gmt":"2025-07-03T14:44:35","slug":"veraenderungsmanagement-und-stakeholdermanagement","status":"publish","type":"page","link":"https:\/\/www.41answers.de\/en\/veraenderungsmanagement-und-stakeholdermanagement\/","title":{"rendered":"Ver\u00e4nderungsmanagement und Stakeholdermanagement"},"content":{"rendered":"<figure class=\"wp-block-image size-large\"><img loading=\"lazy\" decoding=\"async\" width=\"1024\" height=\"454\" src=\"https:\/\/www.41answers.de\/wp-content\/uploads\/2023\/09\/OCM_Foto-1024x454.png\" alt=\"\" class=\"wp-image-246\" srcset=\"https:\/\/www.41answers.de\/wp-content\/uploads\/2023\/09\/OCM_Foto-1024x454.png 1024w, https:\/\/www.41answers.de\/wp-content\/uploads\/2023\/09\/OCM_Foto-300x133.png 300w, https:\/\/www.41answers.de\/wp-content\/uploads\/2023\/09\/OCM_Foto-768x340.png 768w, https:\/\/www.41answers.de\/wp-content\/uploads\/2023\/09\/OCM_Foto-18x8.png 18w, https:\/\/www.41answers.de\/wp-content\/uploads\/2023\/09\/OCM_Foto.png 1268w\" sizes=\"auto, (max-width: 1024px) 100vw, 1024px\" \/><\/figure>\n\n\n\n<figure class=\"wp-block-image size-full\"><img loading=\"lazy\" decoding=\"async\" width=\"1524\" height=\"476\" src=\"https:\/\/www.41answers.de\/wp-content\/uploads\/2025\/07\/Bildschirmfoto-2025-07-03-um-16.41.02.png\" alt=\"\" class=\"wp-image-344\" srcset=\"https:\/\/www.41answers.de\/wp-content\/uploads\/2025\/07\/Bildschirmfoto-2025-07-03-um-16.41.02.png 1524w, https:\/\/www.41answers.de\/wp-content\/uploads\/2025\/07\/Bildschirmfoto-2025-07-03-um-16.41.02-300x94.png 300w, https:\/\/www.41answers.de\/wp-content\/uploads\/2025\/07\/Bildschirmfoto-2025-07-03-um-16.41.02-1024x320.png 1024w, https:\/\/www.41answers.de\/wp-content\/uploads\/2025\/07\/Bildschirmfoto-2025-07-03-um-16.41.02-768x240.png 768w, https:\/\/www.41answers.de\/wp-content\/uploads\/2025\/07\/Bildschirmfoto-2025-07-03-um-16.41.02-18x6.png 18w\" sizes=\"auto, (max-width: 1524px) 100vw, 1524px\" \/><\/figure>\n\n\n\n<div class=\"wp-block-columns is-layout-flex wp-container-core-columns-is-layout-9d6595d7 wp-block-columns-is-layout-flex\">\n<div class=\"wp-block-column is-layout-flow wp-block-column-is-layout-flow\" style=\"flex-basis:33.33%\">\n<blockquote class=\"wp-block-quote is-layout-flow wp-block-quote-is-layout-flow\">\n<p>Ver\u00e4nderung <br>geschieht nicht <br>von selbst.\u00a0<br>Wir begleiten <br>Ihr Team und finden den richtigen Weg <br>f\u00fcr die offene Zusammenarbeit mit Ihren Stakeholdern.\u00a0<\/p>\n<\/blockquote>\n<\/div>\n\n\n\n<div class=\"wp-block-column is-layout-flow wp-block-column-is-layout-flow\" style=\"flex-basis:66.66%\">\n<p><strong>Warum 41answers?<\/strong><\/p>\n\n\n\n<p>Projekte erfordern Ver\u00e4nderungen in der Zusammenarbeit und stellen Menschen vor Herausforderungen, die Angst und Abwehr ausl\u00f6sen k\u00f6nnen. Wir nutzen Erfahrungen und Methoden aus P\u00e4dagogik, Coaching und Systemtheorie, um Ihr Projekt und sein Umfeld aufeinander abzustimmen.&nbsp;<\/p>\n\n\n\n<p>Zielgruppengerechte Kommunikation und Ver\u00e4nderungsbegleitung f\u00f6rdert die schnelle und dauerhafte Akzeptanz&nbsp;<\/p>\n<\/div>\n<\/div>\n\n\n\n<p><\/p>","protected":false},"excerpt":{"rendered":"<p>Ver\u00e4nderung geschieht nicht von selbst.\u00a0Wir begleiten Ihr Team und finden den richtigen Weg f\u00fcr die offene Zusammenarbeit mit Ihren Stakeholdern.\u00a0 Warum 41answers? Projekte erfordern Ver\u00e4nderungen in der Zusammenarbeit und stellen Menschen vor Herausforderungen, die Angst und Abwehr ausl\u00f6sen k\u00f6nnen. Wir [&hellip;]<\/p>\n","protected":false},"author":1,"featured_media":0,"parent":0,"menu_order":0,"comment_status":"closed","ping_status":"closed","template":"","meta":{"footnotes":""},"class_list":["post-343","page","type-page","status-publish","hentry"],"_links":{"self":[{"href":"https:\/\/www.41answers.de\/en\/wp-json\/wp\/v2\/pages\/343","targetHints":{"allow":["GET"]}}],"collection":[{"href":"https:\/\/www.41answers.de\/en\/wp-json\/wp\/v2\/pages"}],"about":[{"href":"https:\/\/www.41answers.de\/en\/wp-json\/wp\/v2\/types\/page"}],"author":[{"embeddable":true,"href":"https:\/\/www.41answers.de\/en\/wp-json\/wp\/v2\/users\/1"}],"replies":[{"embeddable":true,"href":"https:\/\/www.41answers.de\/en\/wp-json\/wp\/v2\/comments?post=343"}],"version-history":[{"count":5,"href":"https:\/\/www.41answers.de\/en\/wp-json\/wp\/v2\/pages\/343\/revisions"}],"predecessor-version":[{"id":349,"href":"https:\/\/www.41answers.de\/en\/wp-json\/wp\/v2\/pages\/343\/revisions\/349"}],"wp:attachment":[{"href":"https:\/\/www.41answers.de\/en\/wp-json\/wp\/v2\/media?parent=343"}],"curies":[{"name":"wp","href":"https:\/\/api.w.org\/{rel}","templated":true}]}}