{"id":351,"date":"2025-07-03T14:49:51","date_gmt":"2025-07-03T14:49:51","guid":{"rendered":"https:\/\/www.41answers.de\/?page_id=351"},"modified":"2025-07-03T14:49:51","modified_gmt":"2025-07-03T14:49:51","slug":"agile-coaching","status":"publish","type":"page","link":"https:\/\/www.41answers.de\/en\/agile-coaching\/","title":{"rendered":"Agile Coaching"},"content":{"rendered":"<figure class=\"wp-block-image size-large\"><img loading=\"lazy\" decoding=\"async\" width=\"1024\" height=\"451\" src=\"https:\/\/www.41answers.de\/wp-content\/uploads\/2023\/09\/Agile_Foto2-1024x451.png\" alt=\"\" class=\"wp-image-254\" srcset=\"https:\/\/www.41answers.de\/wp-content\/uploads\/2023\/09\/Agile_Foto2-1024x451.png 1024w, https:\/\/www.41answers.de\/wp-content\/uploads\/2023\/09\/Agile_Foto2-300x132.png 300w, https:\/\/www.41answers.de\/wp-content\/uploads\/2023\/09\/Agile_Foto2-768x338.png 768w, https:\/\/www.41answers.de\/wp-content\/uploads\/2023\/09\/Agile_Foto2-18x8.png 18w, https:\/\/www.41answers.de\/wp-content\/uploads\/2023\/09\/Agile_Foto2.png 1272w\" sizes=\"auto, (max-width: 1024px) 100vw, 1024px\" \/><\/figure>\n\n\n\n<figure class=\"wp-block-image size-full\"><img loading=\"lazy\" decoding=\"async\" width=\"1522\" height=\"498\" src=\"https:\/\/www.41answers.de\/wp-content\/uploads\/2025\/07\/Bildschirmfoto-2025-07-03-um-16.47.33.png\" alt=\"\" class=\"wp-image-352\" srcset=\"https:\/\/www.41answers.de\/wp-content\/uploads\/2025\/07\/Bildschirmfoto-2025-07-03-um-16.47.33.png 1522w, https:\/\/www.41answers.de\/wp-content\/uploads\/2025\/07\/Bildschirmfoto-2025-07-03-um-16.47.33-300x98.png 300w\" sizes=\"auto, (max-width: 1522px) 100vw, 1522px\" \/><\/figure>\n\n\n\n<div class=\"wp-block-columns is-layout-flex wp-container-core-columns-is-layout-9d6595d7 wp-block-columns-is-layout-flex\">\n<div class=\"wp-block-column is-layout-flow wp-block-column-is-layout-flow\" style=\"flex-basis:33.33%\">\n<blockquote class=\"wp-block-quote is-layout-flow wp-block-quote-is-layout-flow\">\n<p>Die passende agile Strategie f\u00fcr Ihr Projekt oder ihr Unternehmen kommt nicht von der Stange. Ihre Ziele, F\u00e4higkeiten und Priorit\u00e4ten bestimmen den Weg zur Agilit\u00e4t.\u00a0<\/p>\n<\/blockquote>\n<\/div>\n\n\n\n<div class=\"wp-block-column is-layout-flow wp-block-column-is-layout-flow\" style=\"flex-basis:66.66%\">\n<p><strong>Warum 41answers?<\/strong><\/p>\n\n\n\n<p>Unser Coaching-Vorgehen bei der Einf\u00fchrung von agilen Methoden und agiler Kultur hilft Ihnen, die Position und die Ziele Ihres Teams zu bestimmen.&nbsp;<\/p>\n\n\n\n<p>Nachhaltige Verankerung von Ver\u00e4nderung funktioniert nur mit \u00fcberzeugten Menschen. Wir helfen dabei, Unsicherheit auszur\u00e4umen und Erfahrungen mit Agilit\u00e4t zu sammeln.&nbsp;<\/p>\n\n\n\n<p>Sie finden und nutzen das zu Ihrer Kultur und Erfahrung passende Set an agilen Methoden.&nbsp;<\/p>\n<\/div>\n<\/div>\n\n\n\n<p><\/p>","protected":false},"excerpt":{"rendered":"<p>Die passende agile Strategie f\u00fcr Ihr Projekt oder ihr Unternehmen kommt nicht von der Stange. Ihre Ziele, F\u00e4higkeiten und Priorit\u00e4ten bestimmen den Weg zur Agilit\u00e4t.\u00a0 Warum 41answers? Unser Coaching-Vorgehen bei der Einf\u00fchrung von agilen Methoden und agiler Kultur hilft Ihnen, [&hellip;]<\/p>\n","protected":false},"author":1,"featured_media":0,"parent":0,"menu_order":0,"comment_status":"closed","ping_status":"closed","template":"","meta":{"footnotes":""},"class_list":["post-351","page","type-page","status-publish","hentry"],"_links":{"self":[{"href":"https:\/\/www.41answers.de\/en\/wp-json\/wp\/v2\/pages\/351","targetHints":{"allow":["GET"]}}],"collection":[{"href":"https:\/\/www.41answers.de\/en\/wp-json\/wp\/v2\/pages"}],"about":[{"href":"https:\/\/www.41answers.de\/en\/wp-json\/wp\/v2\/types\/page"}],"author":[{"embeddable":true,"href":"https:\/\/www.41answers.de\/en\/wp-json\/wp\/v2\/users\/1"}],"replies":[{"embeddable":true,"href":"https:\/\/www.41answers.de\/en\/wp-json\/wp\/v2\/comments?post=351"}],"version-history":[{"count":1,"href":"https:\/\/www.41answers.de\/en\/wp-json\/wp\/v2\/pages\/351\/revisions"}],"predecessor-version":[{"id":353,"href":"https:\/\/www.41answers.de\/en\/wp-json\/wp\/v2\/pages\/351\/revisions\/353"}],"wp:attachment":[{"href":"https:\/\/www.41answers.de\/en\/wp-json\/wp\/v2\/media?parent=351"}],"curies":[{"name":"wp","href":"https:\/\/api.w.org\/{rel}","templated":true}]}}