{"id":355,"date":"2025-07-03T15:03:26","date_gmt":"2025-07-03T15:03:26","guid":{"rendered":"https:\/\/www.41answers.de\/?page_id=355"},"modified":"2025-07-03T15:03:26","modified_gmt":"2025-07-03T15:03:26","slug":"ausschreibung-und-produkt-service-auswahl","status":"publish","type":"page","link":"https:\/\/www.41answers.de\/en\/ausschreibung-und-produkt-service-auswahl\/","title":{"rendered":"Ausschreibung und Produkt-\/Service-Auswahl"},"content":{"rendered":"<figure class=\"wp-block-image size-large\"><img loading=\"lazy\" decoding=\"async\" width=\"1024\" height=\"449\" src=\"https:\/\/www.41answers.de\/wp-content\/uploads\/2023\/09\/Tender_Foto-1024x449.png\" alt=\"\" class=\"wp-image-255\" srcset=\"https:\/\/www.41answers.de\/wp-content\/uploads\/2023\/09\/Tender_Foto-1024x449.png 1024w, https:\/\/www.41answers.de\/wp-content\/uploads\/2023\/09\/Tender_Foto-300x131.png 300w, https:\/\/www.41answers.de\/wp-content\/uploads\/2023\/09\/Tender_Foto-768x337.png 768w, https:\/\/www.41answers.de\/wp-content\/uploads\/2023\/09\/Tender_Foto-18x8.png 18w, https:\/\/www.41answers.de\/wp-content\/uploads\/2023\/09\/Tender_Foto.png 1264w\" sizes=\"auto, (max-width: 1024px) 100vw, 1024px\" \/><\/figure>\n\n\n\n<figure class=\"wp-block-image size-large\"><img loading=\"lazy\" decoding=\"async\" width=\"1024\" height=\"325\" src=\"https:\/\/www.41answers.de\/wp-content\/uploads\/2025\/07\/Bildschirmfoto-2025-07-03-um-17.00.51-1024x325.png\" alt=\"\" class=\"wp-image-356\" srcset=\"https:\/\/www.41answers.de\/wp-content\/uploads\/2025\/07\/Bildschirmfoto-2025-07-03-um-17.00.51-1024x325.png 1024w, https:\/\/www.41answers.de\/wp-content\/uploads\/2025\/07\/Bildschirmfoto-2025-07-03-um-17.00.51-300x95.png 300w, https:\/\/www.41answers.de\/wp-content\/uploads\/2025\/07\/Bildschirmfoto-2025-07-03-um-17.00.51-768x243.png 768w, https:\/\/www.41answers.de\/wp-content\/uploads\/2025\/07\/Bildschirmfoto-2025-07-03-um-17.00.51-18x6.png 18w, https:\/\/www.41answers.de\/wp-content\/uploads\/2025\/07\/Bildschirmfoto-2025-07-03-um-17.00.51.png 1514w\" sizes=\"auto, (max-width: 1024px) 100vw, 1024px\" \/><\/figure>\n\n\n\n<div class=\"wp-block-columns is-layout-flex wp-container-core-columns-is-layout-9d6595d7 wp-block-columns-is-layout-flex\">\n<div class=\"wp-block-column is-layout-flow wp-block-column-is-layout-flow\" style=\"flex-basis:33.33%\">\n<blockquote class=\"wp-block-quote is-layout-flow wp-block-quote-is-layout-flow\">\n<p>Mit der qualifizierten Ausschreibung und der Auswahl des richtigen Partners legen Sie den Grundstein f\u00fcr den Erfolg Ihres Projekts.\u00a0<\/p>\n<\/blockquote>\n<\/div>\n\n\n\n<div class=\"wp-block-column is-layout-flow wp-block-column-is-layout-flow\" style=\"flex-basis:66.66%\">\n<p><strong>Warum 41answers ?<\/strong><\/p>\n\n\n\n<p>Wir verf\u00fcgen \u00fcber langj\u00e4hrige Erfahrung auf beiden Seiten des Prozesses: als Dienstleister und als Kunde.&nbsp;<\/p>\n\n\n\n<p>Ob RFI, RFQ oder RFP, ob Time&amp;Material oder Festpreis, ob Dienstleistung, Produkt, Gewerk: wir kennen die Besonderheiten und weisen Sie auf m\u00f6gliche Fallstricke hin.&nbsp;<\/p>\n\n\n\n<p>Auf Wunsch stellen wir Ihnen geeignete Templates und Kriterienkataloge f\u00fcr die Phasen im Ausschreibungsprozess bereit.&nbsp;<\/p>\n<\/div>\n<\/div>\n\n\n\n<p><\/p>","protected":false},"excerpt":{"rendered":"<p>Mit der qualifizierten Ausschreibung und der Auswahl des richtigen Partners legen Sie den Grundstein f\u00fcr den Erfolg Ihres Projekts.\u00a0 Warum 41answers ? Wir verf\u00fcgen \u00fcber langj\u00e4hrige Erfahrung auf beiden Seiten des Prozesses: als Dienstleister und als Kunde.&nbsp; Ob RFI, RFQ [&hellip;]<\/p>\n","protected":false},"author":1,"featured_media":0,"parent":0,"menu_order":0,"comment_status":"closed","ping_status":"closed","template":"","meta":{"footnotes":""},"class_list":["post-355","page","type-page","status-publish","hentry"],"_links":{"self":[{"href":"https:\/\/www.41answers.de\/en\/wp-json\/wp\/v2\/pages\/355","targetHints":{"allow":["GET"]}}],"collection":[{"href":"https:\/\/www.41answers.de\/en\/wp-json\/wp\/v2\/pages"}],"about":[{"href":"https:\/\/www.41answers.de\/en\/wp-json\/wp\/v2\/types\/page"}],"author":[{"embeddable":true,"href":"https:\/\/www.41answers.de\/en\/wp-json\/wp\/v2\/users\/1"}],"replies":[{"embeddable":true,"href":"https:\/\/www.41answers.de\/en\/wp-json\/wp\/v2\/comments?post=355"}],"version-history":[{"count":1,"href":"https:\/\/www.41answers.de\/en\/wp-json\/wp\/v2\/pages\/355\/revisions"}],"predecessor-version":[{"id":357,"href":"https:\/\/www.41answers.de\/en\/wp-json\/wp\/v2\/pages\/355\/revisions\/357"}],"wp:attachment":[{"href":"https:\/\/www.41answers.de\/en\/wp-json\/wp\/v2\/media?parent=355"}],"curies":[{"name":"wp","href":"https:\/\/api.w.org\/{rel}","templated":true}]}}