{"id":369,"date":"2025-08-04T19:03:32","date_gmt":"2025-08-04T19:03:32","guid":{"rendered":"https:\/\/www.41answers.de\/?page_id=369"},"modified":"2025-08-04T19:03:32","modified_gmt":"2025-08-04T19:03:32","slug":"projekt-healthcheck","status":"publish","type":"page","link":"https:\/\/www.41answers.de\/en\/projekt-healthcheck\/","title":{"rendered":"Projekt Healthcheck"},"content":{"rendered":"<figure class=\"wp-block-image size-large\"><img loading=\"lazy\" decoding=\"async\" width=\"1024\" height=\"448\" src=\"https:\/\/www.41answers.de\/wp-content\/uploads\/2025\/08\/Bildschirmfoto-2025-08-04-um-20.57.15-1024x448.png\" alt=\"\" class=\"wp-image-370\" srcset=\"https:\/\/www.41answers.de\/wp-content\/uploads\/2025\/08\/Bildschirmfoto-2025-08-04-um-20.57.15-1024x448.png 1024w, https:\/\/www.41answers.de\/wp-content\/uploads\/2025\/08\/Bildschirmfoto-2025-08-04-um-20.57.15-300x131.png 300w, https:\/\/www.41answers.de\/wp-content\/uploads\/2025\/08\/Bildschirmfoto-2025-08-04-um-20.57.15-768x336.png 768w, https:\/\/www.41answers.de\/wp-content\/uploads\/2025\/08\/Bildschirmfoto-2025-08-04-um-20.57.15-18x8.png 18w, https:\/\/www.41answers.de\/wp-content\/uploads\/2025\/08\/Bildschirmfoto-2025-08-04-um-20.57.15.png 1458w\" sizes=\"auto, (max-width: 1024px) 100vw, 1024px\" \/><\/figure>\n\n\n\n<figure class=\"wp-block-image size-full\"><img loading=\"lazy\" decoding=\"async\" width=\"1488\" height=\"452\" src=\"https:\/\/www.41answers.de\/wp-content\/uploads\/2025\/08\/Bildschirmfoto-2025-08-04-um-20.58.33.png\" alt=\"\" class=\"wp-image-371\" srcset=\"https:\/\/www.41answers.de\/wp-content\/uploads\/2025\/08\/Bildschirmfoto-2025-08-04-um-20.58.33.png 1488w, https:\/\/www.41answers.de\/wp-content\/uploads\/2025\/08\/Bildschirmfoto-2025-08-04-um-20.58.33-300x91.png 300w, https:\/\/www.41answers.de\/wp-content\/uploads\/2025\/08\/Bildschirmfoto-2025-08-04-um-20.58.33-1024x311.png 1024w, https:\/\/www.41answers.de\/wp-content\/uploads\/2025\/08\/Bildschirmfoto-2025-08-04-um-20.58.33-768x233.png 768w, https:\/\/www.41answers.de\/wp-content\/uploads\/2025\/08\/Bildschirmfoto-2025-08-04-um-20.58.33-18x5.png 18w\" sizes=\"auto, (max-width: 1488px) 100vw, 1488px\" \/><\/figure>\n\n\n\n<div class=\"wp-block-columns is-layout-flex wp-container-core-columns-is-layout-9d6595d7 wp-block-columns-is-layout-flex\">\n<div class=\"wp-block-column is-layout-flow wp-block-column-is-layout-flow\" style=\"flex-basis:33.33%\">\n<blockquote class=\"wp-block-quote is-layout-flow wp-block-quote-is-layout-flow\">\n<p>Manche Projekte passen irgendwann nicht mehr zum urspr\u00fcnglichen Plan. Wir bringen ihr Projekt auf den richtigen Weg.&nbsp;<\/p>\n<\/blockquote>\n<\/div>\n\n\n\n<div class=\"wp-block-column is-layout-flow wp-block-column-is-layout-flow\" style=\"flex-basis:66.66%\">\n<p><strong>Warum 41answers?<\/strong><\/p>\n\n\n\n<p>Wir kombinieren Bausteine aus verschiedenen Reifegradmodellen, Metriken und Projektassessments passend f\u00fcr Ihre Projektsituation.&nbsp;<br>Organisation, Vorgehensmodell, Anforderungsmanagement, Umsetzung, Risiken, Dokumentation, Vertrag und Liefermodell: Wir erkennen Verbesserungspotentiale und geben Ihnen spezifische und umsetzbare Empfehlungen.&nbsp;<\/p>\n\n\n\n<p>Technische Probleme l\u00f6sen wir im Rahmen des Healthchecks \u00fcbrigens nicht &#8211; aber die k\u00f6nnen Sie mit einem gesunden Projekt auch sehr gut selber l\u00f6sen.<\/p>\n\n\n\n<p>41answers bietet Ihnen den Projekt-Healthcheck f\u00fcr IT-Projekte zu einem Festpreis an, der sich an der Projektgr\u00f6\u00dfe orientiert. Fragen Sie uns!<br><br><\/p>\n<\/div>\n<\/div>\n\n\n\n<p><\/p>","protected":false},"excerpt":{"rendered":"<p>Manche Projekte passen irgendwann nicht mehr zum urspr\u00fcnglichen Plan. Wir bringen ihr Projekt auf den richtigen Weg.&nbsp; Warum 41answers? Wir kombinieren Bausteine aus verschiedenen Reifegradmodellen, Metriken und Projektassessments passend f\u00fcr Ihre Projektsituation.&nbsp;Organisation, Vorgehensmodell, Anforderungsmanagement, Umsetzung, Risiken, Dokumentation, Vertrag und Liefermodell: [&hellip;]<\/p>\n","protected":false},"author":1,"featured_media":0,"parent":0,"menu_order":0,"comment_status":"closed","ping_status":"closed","template":"","meta":{"footnotes":""},"class_list":["post-369","page","type-page","status-publish","hentry"],"_links":{"self":[{"href":"https:\/\/www.41answers.de\/en\/wp-json\/wp\/v2\/pages\/369","targetHints":{"allow":["GET"]}}],"collection":[{"href":"https:\/\/www.41answers.de\/en\/wp-json\/wp\/v2\/pages"}],"about":[{"href":"https:\/\/www.41answers.de\/en\/wp-json\/wp\/v2\/types\/page"}],"author":[{"embeddable":true,"href":"https:\/\/www.41answers.de\/en\/wp-json\/wp\/v2\/users\/1"}],"replies":[{"embeddable":true,"href":"https:\/\/www.41answers.de\/en\/wp-json\/wp\/v2\/comments?post=369"}],"version-history":[{"count":2,"href":"https:\/\/www.41answers.de\/en\/wp-json\/wp\/v2\/pages\/369\/revisions"}],"predecessor-version":[{"id":373,"href":"https:\/\/www.41answers.de\/en\/wp-json\/wp\/v2\/pages\/369\/revisions\/373"}],"wp:attachment":[{"href":"https:\/\/www.41answers.de\/en\/wp-json\/wp\/v2\/media?parent=369"}],"curies":[{"name":"wp","href":"https:\/\/api.w.org\/{rel}","templated":true}]}}